{"id":3,"date":"2025-02-21T16:32:27","date_gmt":"2025-02-21T16:32:27","guid":{"rendered":"https:\/\/thinkworkdigital.com\/?page_id=3"},"modified":"2025-04-13T15:32:24","modified_gmt":"2025-04-13T15:32:24","slug":"privacy-policy","status":"publish","type":"page","link":"https:\/\/thinkworkdigital.com\/de\/privacy-policy\/","title":{"rendered":"Datenschutzerkl\u00e4rung"},"content":{"rendered":"<div data-elementor-type=\"wp-page\" data-elementor-id=\"3\" class=\"elementor elementor-3\">\n\t\t\t\t<div class=\"elementor-element elementor-element-77776e4f e-flex e-con-boxed e-con e-parent\" data-id=\"77776e4f\" data-element_type=\"container\" data-e-type=\"container\">\n\t\t\t\t\t<div class=\"e-con-inner\">\n\t\t\t\t<div class=\"elementor-element elementor-element-742a8df5 elementor-widget elementor-widget-text-editor\" data-id=\"742a8df5\" data-element_type=\"widget\" data-e-type=\"widget\" data-widget_type=\"text-editor.default\">\n\t\t\t\t<div class=\"elementor-widget-container\">\n\t\t\t\t\t\t\t\t\t\n<p><strong>Datenschutzerkl\u00e4rung<\/strong><br \/><strong>Effective Date:<\/strong> 01.02.2025<br \/><strong>Last Updated:<\/strong> 22.02.2025<\/p>\n<p>Think Work Digital (\u201eUnternehmen\u201c, \u201ewir\u201c, \u201euns\u201c oder \u201eunser\u201c) verpflichtet sich, Ihre Daten zu sch\u00fctzen. In dieser Datenschutzrichtlinie wird erl\u00e4utert, wie wir Ihre Daten erfassen, verwenden, weitergeben und sch\u00fctzen, wenn Sie unsere Website thinkworkdigital.com (die \u201eWebsite\u201c) besuchen oder unsere Dienste in Anspruch nehmen. Durch die Nutzung unserer Website und unserer Dienste erkl\u00e4ren Sie sich mit den in dieser Richtlinie beschriebenen Praktiken einverstanden.<\/p>\n<hr \/>\n<h3 class=\"wp-block-heading\"><strong>1. Informationen, die wir sammeln<\/strong><\/h3>\n<p>Wir sammeln die folgenden Arten von Informationen:<\/p>\n<h4><strong>1.1 Personenbezogene Daten<\/strong><\/h4>\n<p>Wenn Sie unsere Dienste in Anspruch nehmen, k\u00f6nnen wir personenbezogene Daten wie z. B. folgende erfassen:<\/p>\n<ul>\n<li>Name<\/li>\n<li>E-Mail Addrese<\/li>\n<li>Telefon-Nummer<\/li>\n<li>Name des Unternehmens<\/li>\n<li>Zahlungsangaben (nur f\u00fcr Rechnungszwecke)<\/li>\n<\/ul>\n<h4><strong>1.2 Nicht-personenbezogene Daten<\/strong><\/h4>\n<p>Wir k\u00f6nnen auch nicht identifizierbare Daten wie z. B.:<\/p>\n<ul>\n<li>Typ des Browsers<\/li>\n<li>IP-Adresse<\/li>\n<li>Besuchte Seiten auf unserer Webseite<\/li>\n<li>Uhrzeit und Datum des Zugangs<\/li>\n<li>Verweisende Webseiten-URLs<\/li>\n<\/ul>\n<h4><strong>1.3 Cookies und Tracking-Technologien<\/strong><\/h4>\n<p>Wir verwenden Cookies und \u00e4hnliche Technologien, um die Benutzerfreundlichkeit zu erh\u00f6hen, den Website-Verkehr zu analysieren und unsere Dienste zu verbessern. Sie k\u00f6nnen die Cookie-Pr\u00e4ferenzen \u00fcber Ihre Browsereinstellungen steuern.<\/p>\n<hr \/>\n<h3><strong>2. Wie wir Ihre Informationen verwenden<\/strong><\/h3>\n<p>Wir verwenden die gesammelten Informationen f\u00fcr die folgenden Zwecke:<\/p>\n<ul>\n<li>Bereitstellung und Verwaltung unserer digitalen Unternehmensberatungsdienste<\/li>\n<li>Kommunikation mit Kunden in Bezug auf Anfragen, Unterst\u00fctzung und Projektaktualisierungen<\/li>\n<li>To process transactions and send invoices<\/li>\n<li>Zur Verbesserung unserer Website, unserer Dienstleistungen und der Benutzererfahrung<\/li>\n<li>Zur Erf\u00fcllung gesetzlicher Auflagen<\/li>\n<\/ul>\n<hr \/>\n<h3><strong>3. Wie wir Ihre Informationen weitergeben<\/strong><\/h3>\n<p>Wir verkaufen, vermieten oder tauschen Ihre pers\u00f6nlichen Daten nicht. Allerdings k\u00f6nnen wir Informationen unter den folgenden Umst\u00e4nden weitergeben:<\/p>\n<ul>\n<li class=\" translation-block\">mit Dienstleistern (z. B. Zahlungsabwicklern, Hosting-Anbietern) zur Erleichterung des Gesch\u00e4ftsbetriebs<\/li>\n<li class=\" translation-block\">Aus rechtlichen Gr\u00fcnden, wenn dies erforderlich ist, um geltende Gesetze einzuhalten oder unsere Richtlinien durchzusetzen<\/li>\n<li class=\" translation-block\">Bei Unternehmens\u00fcbertragungen (z. B. Fusionen, \u00dcbernahmen oder Ver\u00e4u\u00dferungen von Verm\u00f6genswerten), bei denen Ihre Daten an neue Eigent\u00fcmer \u00fcbertragen werden k\u00f6nnen<\/li>\n<\/ul>\n<hr \/>\n<h3><strong>4. Datensicherheit<\/strong><\/h3>\n<p>Wir ergreifen angemessene Sicherheitsma\u00dfnahmen, um Ihre pers\u00f6nlichen Daten vor unbefugtem Zugriff, Ver\u00e4nderung, Offenlegung oder Zerst\u00f6rung zu sch\u00fctzen. Allerdings ist keine Online-\u00dcbertragung zu 100 % sicher, und wir k\u00f6nnen keine absolute Sicherheit garantieren.<\/p>\n<hr \/>\n<h3><strong>5. Ihre Rechte und Wahlm\u00f6glichkeiten<\/strong><\/h3>\n<p>Je nach Ihrem Wohnort haben Sie m\u00f6glicherweise die folgenden Rechte in Bezug auf Ihre personenbezogenen Daten:<\/p>\n<ul>\n<li>Recht auf Zugang zu Ihren Daten und auf Anforderung einer Kopie dieser Daten<\/li>\n<li>Das Recht, die Berichtigung unrichtiger Daten zu verlangen<\/li>\n<li>Das Recht, die L\u00f6schung von Daten zu verlangen (vorbehaltlich der gesetzlichen Bestimmungen)<\/li>\n<li>Das Recht, die Zustimmung zur Datenverarbeitung zu widerrufen<\/li>\n<li>Das Recht auf Abmeldung von Marketingmitteilungen<\/li>\n<\/ul>\n<p>To exercise these rights, please contact us at <strong>consultation@thinkworkdigital.com<\/strong>.<\/p>\n<hr \/>\n<h3><strong>6. Links von Drittanbietern<\/strong><\/h3>\n<p>Unsere Website kann Links zu Websites Dritter enthalten. Wir sind nicht f\u00fcr die Datenschutzpraktiken externer Websites verantwortlich und empfehlen Ihnen, deren Richtlinien zu lesen, bevor Sie pers\u00f6nliche Daten weitergeben.<\/p>\n<hr \/>\n<h3><strong>7. \u00c4nderungen an dieser Datenschutzrichtlinie<\/strong><\/h3>\n<p>Wir behalten uns das Recht vor, diese Datenschutzrichtlinie jederzeit zu aktualisieren. \u00c4nderungen werden auf dieser Seite mit einem aktualisierten \u201eDatum des Inkrafttretens\u201c ver\u00f6ffentlicht. Wir empfehlen Ihnen, diese Richtlinie regelm\u00e4\u00dfig zu \u00fcberpr\u00fcfen.<\/p>\n<hr \/>\n<h3><strong>8. Kontakt<\/strong><\/h3>\n<p>Wenn Sie Fragen zu dieser Datenschutzrichtlinie oder zum Umgang mit Ihren Daten haben, wenden Sie sich bitte an uns:<\/p>\n<p>Think Work Digital<br \/>28 October street, 8873 Argaka, Cyprus<br \/>Email: consultation@thinkworkdigital.com<br \/>Website: thinkworkdigital.com<\/p>\t\t\t\t\t\t\t\t<\/div>\n\t\t\t\t<\/div>\n\t\t\t\t\t<\/div>\n\t\t\t\t<\/div>\n\t\t\t\t<\/div>","protected":false},"excerpt":{"rendered":"<p>Privacy PolicyEffective Date: 01.02.2025Last Updated: 22.02.2025 Think Work Digital (&#8220;Company,&#8221; &#8220;we,&#8221; &#8220;us,&#8221; or &#8220;our&#8221;) is committed to protecting your privacy. [&hellip;]<\/p>\n","protected":false},"author":1,"featured_media":0,"parent":0,"menu_order":0,"comment_status":"closed","ping_status":"open","template":"","meta":{"site-sidebar-layout":"default","site-content-layout":"","ast-site-content-layout":"","site-content-style":"default","site-sidebar-style":"default","ast-global-header-display":"","ast-banner-title-visibility":"","ast-main-header-display":"","ast-hfb-above-header-display":"","ast-hfb-below-header-display":"","ast-hfb-mobile-header-display":"","site-post-title":"disabled","ast-breadcrumbs-content":"","ast-featured-img":"","footer-sml-layout":"","ast-disable-related-posts":"","theme-transparent-header-meta":"","adv-header-id-meta":"","stick-header-meta":"","header-above-stick-meta":"","header-main-stick-meta":"","header-below-stick-meta":"","astra-migrate-meta-layouts":"default","ast-page-background-enabled":"default","ast-page-background-meta":{"desktop":{"background-color":"var(--ast-global-color-4)","background-image":"","background-repeat":"repeat","background-position":"center center","background-size":"auto","background-attachment":"scroll","background-type":"","background-media":"","overlay-type":"","overlay-color":"","overlay-opacity":"","overlay-gradient":""},"tablet":{"background-color":"","background-image":"","background-repeat":"repeat","background-position":"center center","background-size":"auto","background-attachment":"scroll","background-type":"","background-media":"","overlay-type":"","overlay-color":"","overlay-opacity":"","overlay-gradient":""},"mobile":{"background-color":"","background-image":"","background-repeat":"repeat","background-position":"center center","background-size":"auto","background-attachment":"scroll","background-type":"","background-media":"","overlay-type":"","overlay-color":"","overlay-opacity":"","overlay-gradient":""}},"ast-content-background-meta":{"desktop":{"background-color":"var(--ast-global-color-5)","background-image":"","background-repeat":"repeat","background-position":"center center","background-size":"auto","background-attachment":"scroll","background-type":"","background-media":"","overlay-type":"","overlay-color":"","overlay-opacity":"","overlay-gradient":""},"tablet":{"background-color":"var(--ast-global-color-5)","background-image":"","background-repeat":"repeat","background-position":"center center","background-size":"auto","background-attachment":"scroll","background-type":"","background-media":"","overlay-type":"","overlay-color":"","overlay-opacity":"","overlay-gradient":""},"mobile":{"background-color":"var(--ast-global-color-5)","background-image":"","background-repeat":"repeat","background-position":"center center","background-size":"auto","background-attachment":"scroll","background-type":"","background-media":"","overlay-type":"","overlay-color":"","overlay-opacity":"","overlay-gradient":""}},"footnotes":""},"class_list":["post-3","page","type-page","status-publish","hentry"],"yoast_head":"<!-- This site is optimized with the Yoast SEO plugin v27.2 - https:\/\/yoast.com\/product\/yoast-seo-wordpress\/ -->\n<title>Privacy Policy - ThinkWork Digital<\/title>\n<meta name=\"robots\" content=\"index, follow, max-snippet:-1, max-image-preview:large, max-video-preview:-1\" \/>\n<link rel=\"canonical\" href=\"https:\/\/thinkworkdigital.com\/de\/privacy-policy\/\" \/>\n<meta property=\"og:locale\" content=\"de_DE\" \/>\n<meta property=\"og:type\" content=\"article\" \/>\n<meta property=\"og:title\" content=\"Privacy Policy - ThinkWork Digital\" \/>\n<meta property=\"og:description\" content=\"Privacy PolicyEffective Date: 01.02.2025Last Updated: 22.02.2025 Think Work Digital (&#8220;Company,&#8221; &#8220;we,&#8221; &#8220;us,&#8221; or &#8220;our&#8221;) is committed to protecting your privacy. [&hellip;]\" \/>\n<meta property=\"og:url\" content=\"https:\/\/thinkworkdigital.com\/de\/privacy-policy\/\" \/>\n<meta property=\"og:site_name\" content=\"ThinkWork Digital\" \/>\n<meta property=\"article:publisher\" content=\"https:\/\/www.facebook.com\/ThinkWorkDigital\" \/>\n<meta property=\"article:modified_time\" content=\"2025-04-13T15:32:24+00:00\" \/>\n<meta name=\"twitter:card\" content=\"summary_large_image\" \/>\n<meta name=\"twitter:label1\" content=\"Gesch\u00e4tzte Lesezeit\" \/>\n\t<meta name=\"twitter:data1\" content=\"2\u00a0Minuten\" \/>\n<script type=\"application\/ld+json\" class=\"yoast-schema-graph\">{\"@context\":\"https:\/\/schema.org\",\"@graph\":[{\"@type\":\"WebPage\",\"@id\":\"https:\/\/thinkworkdigital.com\/privacy-policy\/\",\"url\":\"https:\/\/thinkworkdigital.com\/privacy-policy\/\",\"name\":\"Privacy Policy - ThinkWork Digital\",\"isPartOf\":{\"@id\":\"https:\/\/thinkworkdigital.com\/#website\"},\"datePublished\":\"2025-02-21T16:32:27+00:00\",\"dateModified\":\"2025-04-13T15:32:24+00:00\",\"breadcrumb\":{\"@id\":\"https:\/\/thinkworkdigital.com\/privacy-policy\/#breadcrumb\"},\"inLanguage\":\"de\",\"potentialAction\":[{\"@type\":\"ReadAction\",\"target\":[\"https:\/\/thinkworkdigital.com\/privacy-policy\/\"]}]},{\"@type\":\"BreadcrumbList\",\"@id\":\"https:\/\/thinkworkdigital.com\/privacy-policy\/#breadcrumb\",\"itemListElement\":[{\"@type\":\"ListItem\",\"position\":1,\"name\":\"Home\",\"item\":\"https:\/\/thinkworkdigital.com\/\"},{\"@type\":\"ListItem\",\"position\":2,\"name\":\"Privacy Policy\"}]},{\"@type\":\"WebSite\",\"@id\":\"https:\/\/thinkworkdigital.com\/#website\",\"url\":\"https:\/\/thinkworkdigital.com\/\",\"name\":\"ThinkWorkDigital\",\"description\":\"think smart, work digital\",\"publisher\":{\"@id\":\"https:\/\/thinkworkdigital.com\/#organization\"},\"potentialAction\":[{\"@type\":\"SearchAction\",\"target\":{\"@type\":\"EntryPoint\",\"urlTemplate\":\"https:\/\/thinkworkdigital.com\/?s={search_term_string}\"},\"query-input\":{\"@type\":\"PropertyValueSpecification\",\"valueRequired\":true,\"valueName\":\"search_term_string\"}}],\"inLanguage\":\"de\"},{\"@type\":\"Organization\",\"@id\":\"https:\/\/thinkworkdigital.com\/#organization\",\"name\":\"ThinkWorkDigital\",\"url\":\"https:\/\/thinkworkdigital.com\/\",\"logo\":{\"@type\":\"ImageObject\",\"inLanguage\":\"de\",\"@id\":\"https:\/\/thinkworkdigital.com\/#\/schema\/logo\/image\/\",\"url\":\"https:\/\/thinkworkdigital.com\/wp-content\/uploads\/2025\/04\/ThinkWorkDigital-logo-orange-and-tag.png\",\"contentUrl\":\"https:\/\/thinkworkdigital.com\/wp-content\/uploads\/2025\/04\/ThinkWorkDigital-logo-orange-and-tag.png\",\"width\":1456,\"height\":341,\"caption\":\"ThinkWorkDigital\"},\"image\":{\"@id\":\"https:\/\/thinkworkdigital.com\/#\/schema\/logo\/image\/\"},\"sameAs\":[\"https:\/\/www.facebook.com\/ThinkWorkDigital\",\"https:\/\/www.linkedin.com\/company\/thinkworkdigital\"]}]}<\/script>\n<!-- \/ Yoast SEO plugin. -->","yoast_head_json":{"title":"Privacy Policy - ThinkWork Digital","robots":{"index":"index","follow":"follow","max-snippet":"max-snippet:-1","max-image-preview":"max-image-preview:large","max-video-preview":"max-video-preview:-1"},"canonical":"https:\/\/thinkworkdigital.com\/de\/privacy-policy\/","og_locale":"de_DE","og_type":"article","og_title":"Privacy Policy - ThinkWork Digital","og_description":"Privacy PolicyEffective Date: 01.02.2025Last Updated: 22.02.2025 Think Work Digital (&#8220;Company,&#8221; &#8220;we,&#8221; &#8220;us,&#8221; or &#8220;our&#8221;) is committed to protecting your privacy. [&hellip;]","og_url":"https:\/\/thinkworkdigital.com\/de\/privacy-policy\/","og_site_name":"ThinkWork Digital","article_publisher":"https:\/\/www.facebook.com\/ThinkWorkDigital","article_modified_time":"2025-04-13T15:32:24+00:00","twitter_card":"summary_large_image","twitter_misc":{"Gesch\u00e4tzte Lesezeit":"2\u00a0Minuten"},"schema":{"@context":"https:\/\/schema.org","@graph":[{"@type":"WebPage","@id":"https:\/\/thinkworkdigital.com\/privacy-policy\/","url":"https:\/\/thinkworkdigital.com\/privacy-policy\/","name":"Privacy Policy - ThinkWork Digital","isPartOf":{"@id":"https:\/\/thinkworkdigital.com\/#website"},"datePublished":"2025-02-21T16:32:27+00:00","dateModified":"2025-04-13T15:32:24+00:00","breadcrumb":{"@id":"https:\/\/thinkworkdigital.com\/privacy-policy\/#breadcrumb"},"inLanguage":"de","potentialAction":[{"@type":"ReadAction","target":["https:\/\/thinkworkdigital.com\/privacy-policy\/"]}]},{"@type":"BreadcrumbList","@id":"https:\/\/thinkworkdigital.com\/privacy-policy\/#breadcrumb","itemListElement":[{"@type":"ListItem","position":1,"name":"Home","item":"https:\/\/thinkworkdigital.com\/"},{"@type":"ListItem","position":2,"name":"Privacy Policy"}]},{"@type":"WebSite","@id":"https:\/\/thinkworkdigital.com\/#website","url":"https:\/\/thinkworkdigital.com\/","name":"ThinkWorkDigital","description":"think smart, work digital","publisher":{"@id":"https:\/\/thinkworkdigital.com\/#organization"},"potentialAction":[{"@type":"SearchAction","target":{"@type":"EntryPoint","urlTemplate":"https:\/\/thinkworkdigital.com\/?s={search_term_string}"},"query-input":{"@type":"PropertyValueSpecification","valueRequired":true,"valueName":"search_term_string"}}],"inLanguage":"de"},{"@type":"Organization","@id":"https:\/\/thinkworkdigital.com\/#organization","name":"ThinkWorkDigital","url":"https:\/\/thinkworkdigital.com\/","logo":{"@type":"ImageObject","inLanguage":"de","@id":"https:\/\/thinkworkdigital.com\/#\/schema\/logo\/image\/","url":"https:\/\/thinkworkdigital.com\/wp-content\/uploads\/2025\/04\/ThinkWorkDigital-logo-orange-and-tag.png","contentUrl":"https:\/\/thinkworkdigital.com\/wp-content\/uploads\/2025\/04\/ThinkWorkDigital-logo-orange-and-tag.png","width":1456,"height":341,"caption":"ThinkWorkDigital"},"image":{"@id":"https:\/\/thinkworkdigital.com\/#\/schema\/logo\/image\/"},"sameAs":["https:\/\/www.facebook.com\/ThinkWorkDigital","https:\/\/www.linkedin.com\/company\/thinkworkdigital"]}]}},"_links":{"self":[{"href":"https:\/\/thinkworkdigital.com\/de\/wp-json\/wp\/v2\/pages\/3","targetHints":{"allow":["GET"]}}],"collection":[{"href":"https:\/\/thinkworkdigital.com\/de\/wp-json\/wp\/v2\/pages"}],"about":[{"href":"https:\/\/thinkworkdigital.com\/de\/wp-json\/wp\/v2\/types\/page"}],"author":[{"embeddable":true,"href":"https:\/\/thinkworkdigital.com\/de\/wp-json\/wp\/v2\/users\/1"}],"replies":[{"embeddable":true,"href":"https:\/\/thinkworkdigital.com\/de\/wp-json\/wp\/v2\/comments?post=3"}],"version-history":[{"count":10,"href":"https:\/\/thinkworkdigital.com\/de\/wp-json\/wp\/v2\/pages\/3\/revisions"}],"predecessor-version":[{"id":1625,"href":"https:\/\/thinkworkdigital.com\/de\/wp-json\/wp\/v2\/pages\/3\/revisions\/1625"}],"wp:attachment":[{"href":"https:\/\/thinkworkdigital.com\/de\/wp-json\/wp\/v2\/media?parent=3"}],"curies":[{"name":"wp","href":"https:\/\/api.w.org\/{rel}","templated":true}]}}